{"id":11,"date":"2023-10-16T13:15:18","date_gmt":"2023-10-16T13:15:18","guid":{"rendered":"https:\/\/hoteldesgranges-arles.com\/?page_id=11"},"modified":"2025-02-05T16:28:57","modified_gmt":"2025-02-05T16:28:57","slug":"sleep","status":"publish","type":"page","link":"https:\/\/hoteldesgranges-arles.com\/en\/sleep\/","title":{"rendered":"Sleep"},"content":{"rendered":"","protected":false},"excerpt":{"rendered":"<p>(Co)lore your dreams<\/p>","protected":false},"author":1,"featured_media":3278,"parent":0,"menu_order":0,"comment_status":"closed","ping_status":"closed","template":"","meta":{"_monsterinsights_skip_tracking":false,"_monsterinsights_sitenote_active":false,"_monsterinsights_sitenote_note":"","_monsterinsights_sitenote_category":0,"_uf_show_specific_survey":0,"_uf_disable_surveys":false,"footnotes":""},"class_list":["post-11","page","type-page","status-publish","has-post-thumbnail","czr-hentry"],"yoast_head":"<!-- This site is optimized with the Yoast SEO plugin v27.4 - https:\/\/yoast.com\/product\/yoast-seo-wordpress\/ -->\n<title>H\u00f4tel Arles | H\u00f4tel des Granges | 3*<\/title>\n<meta name=\"description\" content=\"42 chambres, 42 d\u00e9cors diff\u00e9rents ! Urban Style, Street Art, ambiance pittoresque ou zen | H\u00f4tel Arles | Meilleurs prix garantis\" \/>\n<meta name=\"robots\" content=\"index, follow, max-snippet:-1, max-image-preview:large, max-video-preview:-1\" \/>\n<link rel=\"canonical\" href=\"https:\/\/hoteldesgranges-arles.com\/en\/sleep\/\" \/>\n<meta property=\"og:locale\" content=\"en_GB\" \/>\n<meta property=\"og:type\" content=\"article\" \/>\n<meta property=\"og:title\" content=\"H\u00f4tel Arles | H\u00f4tel des Granges | 3*\" \/>\n<meta property=\"og:description\" content=\"42 chambres, 42 d\u00e9cors diff\u00e9rents ! Urban Style, Street Art, ambiance pittoresque ou zen | H\u00f4tel Arles | Meilleurs prix garantis\" \/>\n<meta property=\"og:url\" content=\"https:\/\/hoteldesgranges-arles.com\/en\/sleep\/\" \/>\n<meta property=\"og:site_name\" content=\"H\u00f4tel des Granges\" \/>\n<meta property=\"article:modified_time\" content=\"2025-02-05T16:28:57+00:00\" \/>\n<meta property=\"og:image\" content=\"http:\/\/hoteldesgranges-arles.com\/wp-content\/uploads\/2025\/02\/DSC03922-HDR-scaled.jpg\" \/>\n\t<meta property=\"og:image:width\" content=\"2560\" \/>\n\t<meta property=\"og:image:height\" content=\"1707\" \/>\n\t<meta property=\"og:image:type\" content=\"image\/jpeg\" \/>\n<meta name=\"twitter:card\" content=\"summary_large_image\" \/>\n<meta name=\"twitter:label1\" content=\"Estimated reading time\" \/>\n\t<meta name=\"twitter:data1\" content=\"3 minutes\" \/>\n<script type=\"application\/ld+json\" class=\"yoast-schema-graph\">{\"@context\":\"https:\\\/\\\/schema.org\",\"@graph\":[{\"@type\":[\"WebPage\",\"SearchResultsPage\"],\"@id\":\"https:\\\/\\\/hoteldesgranges-arles.com\\\/dormir\\\/\",\"url\":\"https:\\\/\\\/hoteldesgranges-arles.com\\\/dormir\\\/\",\"name\":\"H\u00f4tel Arles | H\u00f4tel des Granges | 3*\",\"isPartOf\":{\"@id\":\"https:\\\/\\\/hoteldesgranges-arles.com\\\/#website\"},\"primaryImageOfPage\":{\"@id\":\"https:\\\/\\\/hoteldesgranges-arles.com\\\/dormir\\\/#primaryimage\"},\"image\":{\"@id\":\"https:\\\/\\\/hoteldesgranges-arles.com\\\/dormir\\\/#primaryimage\"},\"thumbnailUrl\":\"https:\\\/\\\/hoteldesgranges-arles.com\\\/wp-content\\\/uploads\\\/2025\\\/02\\\/DSC03922-HDR-scaled.jpg\",\"datePublished\":\"2023-10-16T13:15:18+00:00\",\"dateModified\":\"2025-02-05T16:28:57+00:00\",\"description\":\"42 chambres, 42 d\u00e9cors diff\u00e9rents ! Urban Style, Street Art, ambiance pittoresque ou zen | H\u00f4tel Arles | Meilleurs prix garantis\",\"breadcrumb\":{\"@id\":\"https:\\\/\\\/hoteldesgranges-arles.com\\\/dormir\\\/#breadcrumb\"},\"inLanguage\":\"en-GB\",\"potentialAction\":[{\"@type\":\"ReadAction\",\"target\":[\"https:\\\/\\\/hoteldesgranges-arles.com\\\/dormir\\\/\"]}]},{\"@type\":\"ImageObject\",\"inLanguage\":\"en-GB\",\"@id\":\"https:\\\/\\\/hoteldesgranges-arles.com\\\/dormir\\\/#primaryimage\",\"url\":\"https:\\\/\\\/hoteldesgranges-arles.com\\\/wp-content\\\/uploads\\\/2025\\\/02\\\/DSC03922-HDR-scaled.jpg\",\"contentUrl\":\"https:\\\/\\\/hoteldesgranges-arles.com\\\/wp-content\\\/uploads\\\/2025\\\/02\\\/DSC03922-HDR-scaled.jpg\",\"width\":2560,\"height\":1707},{\"@type\":\"BreadcrumbList\",\"@id\":\"https:\\\/\\\/hoteldesgranges-arles.com\\\/dormir\\\/#breadcrumb\",\"itemListElement\":[{\"@type\":\"ListItem\",\"position\":1,\"name\":\"H\u00f4tel des Granges\",\"item\":\"https:\\\/\\\/hoteldesgranges-arles.com\\\/\"},{\"@type\":\"ListItem\",\"position\":2,\"name\":\"Dormir\"}]},{\"@type\":\"WebSite\",\"@id\":\"https:\\\/\\\/hoteldesgranges-arles.com\\\/#website\",\"url\":\"https:\\\/\\\/hoteldesgranges-arles.com\\\/\",\"name\":\"H\u00f4tel des Granges\",\"description\":\"Une bulle d&#039;\u00e9motion\",\"publisher\":{\"@id\":\"https:\\\/\\\/hoteldesgranges-arles.com\\\/#organization\"},\"potentialAction\":[{\"@type\":\"SearchAction\",\"target\":{\"@type\":\"EntryPoint\",\"urlTemplate\":\"https:\\\/\\\/hoteldesgranges-arles.com\\\/?s={search_term_string}\"},\"query-input\":{\"@type\":\"PropertyValueSpecification\",\"valueRequired\":true,\"valueName\":\"search_term_string\"}}],\"inLanguage\":\"en-GB\"},{\"@type\":\"Organization\",\"@id\":\"https:\\\/\\\/hoteldesgranges-arles.com\\\/#organization\",\"name\":\"H\u00f4tel des granges\",\"url\":\"https:\\\/\\\/hoteldesgranges-arles.com\\\/\",\"logo\":{\"@type\":\"ImageObject\",\"inLanguage\":\"en-GB\",\"@id\":\"https:\\\/\\\/hoteldesgranges-arles.com\\\/#\\\/schema\\\/logo\\\/image\\\/\",\"url\":\"http:\\\/\\\/hoteldesgranges-arles.com\\\/wp-content\\\/uploads\\\/2025\\\/02\\\/HOTEL-DES-GRANGES-Profil-FB-e1738753152225.png\",\"contentUrl\":\"http:\\\/\\\/hoteldesgranges-arles.com\\\/wp-content\\\/uploads\\\/2025\\\/02\\\/HOTEL-DES-GRANGES-Profil-FB-e1738753152225.png\",\"width\":1670,\"height\":1900,\"caption\":\"H\u00f4tel des granges\"},\"image\":{\"@id\":\"https:\\\/\\\/hoteldesgranges-arles.com\\\/#\\\/schema\\\/logo\\\/image\\\/\"}}]}<\/script>\n<!-- \/ Yoast SEO plugin. -->","yoast_head_json":{"title":"H\u00f4tel Arles | H\u00f4tel des Granges | 3* hotel","description":"42 rooms, 42 different settings! Urban Style, Street Art, picturesque or Zen atmosphere | Hotel Arles | Best prices guaranteed","robots":{"index":"index","follow":"follow","max-snippet":"max-snippet:-1","max-image-preview":"max-image-preview:large","max-video-preview":"max-video-preview:-1"},"canonical":"https:\/\/hoteldesgranges-arles.com\/en\/sleep\/","og_locale":"en_GB","og_type":"article","og_title":"H\u00f4tel Arles | H\u00f4tel des Granges | 3*","og_description":"42 chambres, 42 d\u00e9cors diff\u00e9rents ! Urban Style, Street Art, ambiance pittoresque ou zen | H\u00f4tel Arles | Meilleurs prix garantis","og_url":"https:\/\/hoteldesgranges-arles.com\/en\/sleep\/","og_site_name":"H\u00f4tel des Granges","article_modified_time":"2025-02-05T16:28:57+00:00","og_image":[{"width":2560,"height":1707,"url":"http:\/\/hoteldesgranges-arles.com\/wp-content\/uploads\/2025\/02\/DSC03922-HDR-scaled.jpg","type":"image\/jpeg"}],"twitter_card":"summary_large_image","twitter_misc":{"Estimated reading time":"3 minutes"},"schema":{"@context":"https:\/\/schema.org","@graph":[{"@type":["WebPage","SearchResultsPage"],"@id":"https:\/\/hoteldesgranges-arles.com\/dormir\/","url":"https:\/\/hoteldesgranges-arles.com\/dormir\/","name":"H\u00f4tel Arles | H\u00f4tel des Granges | 3* hotel","isPartOf":{"@id":"https:\/\/hoteldesgranges-arles.com\/#website"},"primaryImageOfPage":{"@id":"https:\/\/hoteldesgranges-arles.com\/dormir\/#primaryimage"},"image":{"@id":"https:\/\/hoteldesgranges-arles.com\/dormir\/#primaryimage"},"thumbnailUrl":"https:\/\/hoteldesgranges-arles.com\/wp-content\/uploads\/2025\/02\/DSC03922-HDR-scaled.jpg","datePublished":"2023-10-16T13:15:18+00:00","dateModified":"2025-02-05T16:28:57+00:00","description":"42 rooms, 42 different settings! Urban Style, Street Art, picturesque or Zen atmosphere | Hotel Arles | Best prices guaranteed","breadcrumb":{"@id":"https:\/\/hoteldesgranges-arles.com\/dormir\/#breadcrumb"},"inLanguage":"en-GB","potentialAction":[{"@type":"ReadAction","target":["https:\/\/hoteldesgranges-arles.com\/dormir\/"]}]},{"@type":"ImageObject","inLanguage":"en-GB","@id":"https:\/\/hoteldesgranges-arles.com\/dormir\/#primaryimage","url":"https:\/\/hoteldesgranges-arles.com\/wp-content\/uploads\/2025\/02\/DSC03922-HDR-scaled.jpg","contentUrl":"https:\/\/hoteldesgranges-arles.com\/wp-content\/uploads\/2025\/02\/DSC03922-HDR-scaled.jpg","width":2560,"height":1707},{"@type":"BreadcrumbList","@id":"https:\/\/hoteldesgranges-arles.com\/dormir\/#breadcrumb","itemListElement":[{"@type":"ListItem","position":1,"name":"H\u00f4tel des Granges","item":"https:\/\/hoteldesgranges-arles.com\/"},{"@type":"ListItem","position":2,"name":"Dormir"}]},{"@type":"WebSite","@id":"https:\/\/hoteldesgranges-arles.com\/#website","url":"https:\/\/hoteldesgranges-arles.com\/","name":"H\u00f4tel des Granges","description":"A bubble of emotion","publisher":{"@id":"https:\/\/hoteldesgranges-arles.com\/#organization"},"potentialAction":[{"@type":"SearchAction","target":{"@type":"EntryPoint","urlTemplate":"https:\/\/hoteldesgranges-arles.com\/?s={search_term_string}"},"query-input":{"@type":"PropertyValueSpecification","valueRequired":true,"valueName":"search_term_string"}}],"inLanguage":"en-GB"},{"@type":"Organization","@id":"https:\/\/hoteldesgranges-arles.com\/#organization","name":"H\u00f4tel des granges","url":"https:\/\/hoteldesgranges-arles.com\/","logo":{"@type":"ImageObject","inLanguage":"en-GB","@id":"https:\/\/hoteldesgranges-arles.com\/#\/schema\/logo\/image\/","url":"http:\/\/hoteldesgranges-arles.com\/wp-content\/uploads\/2025\/02\/HOTEL-DES-GRANGES-Profil-FB-e1738753152225.png","contentUrl":"http:\/\/hoteldesgranges-arles.com\/wp-content\/uploads\/2025\/02\/HOTEL-DES-GRANGES-Profil-FB-e1738753152225.png","width":1670,"height":1900,"caption":"H\u00f4tel des granges"},"image":{"@id":"https:\/\/hoteldesgranges-arles.com\/#\/schema\/logo\/image\/"}}]}},"_links":{"self":[{"href":"https:\/\/hoteldesgranges-arles.com\/en\/wp-json\/wp\/v2\/pages\/11","targetHints":{"allow":["GET"]}}],"collection":[{"href":"https:\/\/hoteldesgranges-arles.com\/en\/wp-json\/wp\/v2\/pages"}],"about":[{"href":"https:\/\/hoteldesgranges-arles.com\/en\/wp-json\/wp\/v2\/types\/page"}],"author":[{"embeddable":true,"href":"https:\/\/hoteldesgranges-arles.com\/en\/wp-json\/wp\/v2\/users\/1"}],"replies":[{"embeddable":true,"href":"https:\/\/hoteldesgranges-arles.com\/en\/wp-json\/wp\/v2\/comments?post=11"}],"version-history":[{"count":3,"href":"https:\/\/hoteldesgranges-arles.com\/en\/wp-json\/wp\/v2\/pages\/11\/revisions"}],"predecessor-version":[{"id":2024,"href":"https:\/\/hoteldesgranges-arles.com\/en\/wp-json\/wp\/v2\/pages\/11\/revisions\/2024"}],"wp:featuredmedia":[{"embeddable":true,"href":"https:\/\/hoteldesgranges-arles.com\/en\/wp-json\/wp\/v2\/media\/3278"}],"wp:attachment":[{"href":"https:\/\/hoteldesgranges-arles.com\/en\/wp-json\/wp\/v2\/media?parent=11"}],"curies":[{"name":"wp","href":"https:\/\/api.w.org\/{rel}","templated":true}]}}